{"id":293,"date":"2021-01-04T11:57:48","date_gmt":"2021-01-04T11:57:48","guid":{"rendered":"https:\/\/obed.works\/?page_id=293"},"modified":"2021-01-04T12:00:12","modified_gmt":"2021-01-04T12:00:12","slug":"tri-obet-pricevanje-jan","status":"publish","type":"page","link":"https:\/\/obed.works\/?page_id=293","title":{"rendered":"Tri: Obet: Pri\u010devanje: Jan"},"content":{"rendered":"\n<p>\u201cV priponki po\u0161iljam eno <a href=\"https:\/\/obed.works\/?page_id=240\">sliko<\/a>, ki sem jo naredil, \u010de vem pride kaj prav.<br>Sicer sem na predstavitvi zelo u\u017eival, nekaj posebnega je bilo opazovati tvojo <a href=\"https:\/\/obed.works\/?page_id=223\">gibalno kvaliteto<\/a> in prisotnost. Zdi se mi, da ste na pravi poti in da to skupinsko meditiranje oz sobivanje lahko \u0161e bolj pride do izraza z nekimi malimi spremembami <a href=\"https:\/\/obed.works\/?page_id=286\">parametrov<\/a>, morda predvsem v \u010dasovnosti. Sicer se mi tudi tematsko (zbiranje podatkov) zdi projekt zelo bogat, je pa res, da trenutno \u0161e ne vidim <a href=\"https:\/\/obed.works\/?page_id=232\">kako<\/a> to\u010dno se ti dve polji prekrivata. Toliko na hitro v mailu, ve\u010d pa z veseljem v \u017eivo.\u201d<\/p>\n\n\n\n<p>Jan Rozman, iz e-mail korespondence<\/p>\n","protected":false},"excerpt":{"rendered":"<p>\u201cV priponki po\u0161iljam eno sliko, ki sem jo naredil, \u010de vem pride kaj prav.Sicer sem na predstavitvi zelo u\u017eival, nekaj posebnega je bilo opazovati tvojo gibalno kvaliteto in prisotnost. Zdi se mi, da ste na pravi poti in da to skupinsko meditiranje oz sobivanje lahko \u0161e bolj pride do izraza z nekimi malimi spremembami parametrov, [&hellip;]<\/p>\n","protected":false},"author":1,"featured_media":0,"parent":202,"menu_order":0,"comment_status":"closed","ping_status":"closed","template":"","meta":[],"_links":{"self":[{"href":"https:\/\/obed.works\/index.php?rest_route=\/wp\/v2\/pages\/293"}],"collection":[{"href":"https:\/\/obed.works\/index.php?rest_route=\/wp\/v2\/pages"}],"about":[{"href":"https:\/\/obed.works\/index.php?rest_route=\/wp\/v2\/types\/page"}],"author":[{"embeddable":true,"href":"https:\/\/obed.works\/index.php?rest_route=\/wp\/v2\/users\/1"}],"replies":[{"embeddable":true,"href":"https:\/\/obed.works\/index.php?rest_route=%2Fwp%2Fv2%2Fcomments&post=293"}],"version-history":[{"count":2,"href":"https:\/\/obed.works\/index.php?rest_route=\/wp\/v2\/pages\/293\/revisions"}],"predecessor-version":[{"id":295,"href":"https:\/\/obed.works\/index.php?rest_route=\/wp\/v2\/pages\/293\/revisions\/295"}],"up":[{"embeddable":true,"href":"https:\/\/obed.works\/index.php?rest_route=\/wp\/v2\/pages\/202"}],"wp:attachment":[{"href":"https:\/\/obed.works\/index.php?rest_route=%2Fwp%2Fv2%2Fmedia&parent=293"}],"curies":[{"name":"wp","href":"https:\/\/api.w.org\/{rel}","templated":true}]}}