{"id":274,"date":"2021-01-04T11:11:07","date_gmt":"2021-01-04T11:11:07","guid":{"rendered":"https:\/\/obed.works\/?page_id=274"},"modified":"2021-01-04T11:11:08","modified_gmt":"2021-01-04T11:11:08","slug":"tri-obet-video-6","status":"publish","type":"page","link":"https:\/\/obed.works\/?page_id=274","title":{"rendered":"Tri: Obet: Video 6"},"content":{"rendered":"\n<figure class=\"wp-block-embed is-type-video is-provider-vimeo wp-block-embed-vimeo\"><div class=\"wp-block-embed__wrapper\">\n<iframe loading=\"lazy\" title=\"TriObet1365\" src=\"https:\/\/player.vimeo.com\/video\/495747219?dnt=1&amp;app_id=122963\" width=\"540\" height=\"304\" frameborder=\"0\" allow=\"autoplay; fullscreen\" allowfullscreen><\/iframe>\n<\/div><figcaption><a href=\"https:\/\/obed.works\/?page_id=232\">A ve\u0161, da je tega \u0161e ve\u010d. Preveri!<\/a><\/figcaption><\/figure>\n","protected":false},"excerpt":{"rendered":"","protected":false},"author":1,"featured_media":0,"parent":202,"menu_order":0,"comment_status":"closed","ping_status":"closed","template":"","meta":[],"_links":{"self":[{"href":"https:\/\/obed.works\/index.php?rest_route=\/wp\/v2\/pages\/274"}],"collection":[{"href":"https:\/\/obed.works\/index.php?rest_route=\/wp\/v2\/pages"}],"about":[{"href":"https:\/\/obed.works\/index.php?rest_route=\/wp\/v2\/types\/page"}],"author":[{"embeddable":true,"href":"https:\/\/obed.works\/index.php?rest_route=\/wp\/v2\/users\/1"}],"replies":[{"embeddable":true,"href":"https:\/\/obed.works\/index.php?rest_route=%2Fwp%2Fv2%2Fcomments&post=274"}],"version-history":[{"count":1,"href":"https:\/\/obed.works\/index.php?rest_route=\/wp\/v2\/pages\/274\/revisions"}],"predecessor-version":[{"id":276,"href":"https:\/\/obed.works\/index.php?rest_route=\/wp\/v2\/pages\/274\/revisions\/276"}],"up":[{"embeddable":true,"href":"https:\/\/obed.works\/index.php?rest_route=\/wp\/v2\/pages\/202"}],"wp:attachment":[{"href":"https:\/\/obed.works\/index.php?rest_route=%2Fwp%2Fv2%2Fmedia&parent=274"}],"curies":[{"name":"wp","href":"https:\/\/api.w.org\/{rel}","templated":true}]}}