{"id":232,"date":"2020-12-30T13:34:36","date_gmt":"2020-12-30T13:34:36","guid":{"rendered":"https:\/\/obed.works\/?page_id=232"},"modified":"2021-01-04T15:38:27","modified_gmt":"2021-01-04T15:38:27","slug":"tri-obet-pricevanje-nenad","status":"publish","type":"page","link":"https:\/\/obed.works\/?page_id=232","title":{"rendered":"Tri: Obet: Pri\u010devanje: Nenad"},"content":{"rendered":"\n<p>Meni se zdi super, da razmi\u0161ljate v to smer &#8211; kaj s publiko. Nerad uporabljam ta izraz, &#8220;publika&#8221;, torej z ljudmi, ki pridejo pogledat, se udele\u017eiti. Stvar je va\u0161e <a href=\"https:\/\/obed.works\/?page_id=229\">odlo\u010ditve<\/a>, \u010de ho\u010dete s tem nekaj narediti, nadaljevati, to potem pomeni verjetno ustvarjanje neke skupnosti; najmanj je pomembno, kako velika je ta skupnost; ampak delati nekaj skozi \u010das, skupaj in priti skupaj do nekih rezultatov ali re\u0161itev.<\/p>\n\n\n\n<p>\u010ce je na primer okvir meditativen, kar se mi zdi zelo potentno, iz tega lahko nastane nekaj zelo zanimivega. <a href=\"https:\/\/obed.works\/?page_id=236\">Morda iti v to smer<\/a>, ne samo zaradi tega, ker to redko kdo po\u010dne, ampak ker je nasploh manj raziskano. Stvar je odlo\u010ditve, da si v nekem procesu z neko <a href=\"https:\/\/obed.works\/?page_id=257\">skupnostjo<\/a>, da torej ne dela\u0161 izvedbe za nekoga, temve\u010d po\u010dne\u0161 kolektivno, kar bi sicer sam raziskoval in postavljal v prostor; v tem okviru je vsako sre\u010danje izvedba in dogajanje v veselje udele\u017eenih, in ne govorimo ve\u010d o eni sami izvedbi, ki sledi obdobju vaj.<\/p>\n\n\n\n<p>Zdaj se jasno <a href=\"https:\/\/obed.works\/?page_id=249\">vidi<\/a>, da imate neko temo, smer, okvir, in vpra\u0161anje je kot vedno, kako naprej. Ponavadi smo navajeni na to razliko in distanco med izvajalcem in gledalcem, meni se ta razlika tukaj vpisuje v to merjenje temperature &#8211; \u201cvi&#8221; s tem <a href=\"https:\/\/obed.works\/?page_id=321\" data-type=\"URL\" data-id=\"https:\/\/obed.works\/?page_id=321\">imate neko drugo vlogo<\/a> kot \u201cmi\u201d oziroma ste na neki drugi ravni, tako reko\u010d gledali\u0161ki. Poanta pri performansu pa je v tem, da skomuniciramo, kaj in zakaj nekaj po\u010dnemo; od tega, ali nekaj skomuniciramo ali ne, je odvisen zna\u010daj na\u0161e geste. Umetnost pa se zgodi ravno skozi postopek, proces, proceduralnost. Ok je, da se pove, zakaj se kaj po\u010dne, sicer izpade prisilno in avtomati\u010dno. Dokler ni artikulirano, je le samoumevno. Sama procedura je del celote dogodka in dokler jo zaznamuje samoumevnost ne bo iskrena. Skomunicirati postopke interaktivnosti bi po mojem delalo v prid sporo\u010dilnosti, ki jo \u017eelite dose\u010di, morda pa se zgodi, da med samo to komunikacijo odkrijete kak\u0161ne zanimive razse\u017enosti odnosov, ki se vzpostavljajo. Ko umetniki ho\u010dejo narediti nekaj <a href=\"https:\/\/obed.works\/?page_id=315\" data-type=\"URL\" data-id=\"https:\/\/obed.works\/?page_id=315\">interaktivnega<\/a> izpade pogosto interakcija tehni\u010dna, se ne razvije v nekaj \u017eivega. Ko gre za performans, ki \u017eeli biti mo\u010dno povezan s skupnostjo prisotnih, mora\u0161 v bistvu sam dobesedno izumiti lastna orodja ali tehnike za vsako po\u010detje, ki podpira idejo skupnosti.<\/p>\n\n\n\n<p>Vidva sta v nekem gibalnem re\u017eimu, mi drugi nismo. Zanimivo vpra\u0161anje bi bilo, kako nas postaviti vse v isti re\u017eim, ali in kako se lahko zdru\u017eimo, zato, da se za\u010dne zadeva dogajati na drugi ravni. Ni dovolj, da se to pove, s tem se mora nekaj narediti.<\/p>\n\n\n\n<p>Vajina gibalna prisotnost je bila videti <a href=\"https:\/\/obed.works\/?page_id=223\">&#8220;brezciljna s ciljem&#8221;<\/a>, posve\u010dena sta bila svojemu eksperimentu, se ugla\u0161ala z zvo\u010dnim ambientom, ki je odra\u017eal na\u0161o tako imenovano realnost, v kateri je vse pre\u0161teto, izmerjeno in ovrednoteno. Morda bi vama bilo zanimivo poglobiti se v vpra\u0161anje, kako na sceni ne imeti cilja, ali, bolje, povsem se prepustiti brezciljnosti, tudi zaradi okoli\u0161\u010din, v katerih \u017eivimo, ki jim brezciljnost po svoje kljubuje, morda jih celo sabotira. Ali ni ravno interpasivnost strategija, ki se lahko umesti v in onkraj konteksta vsesplo\u0161nega tehnolo\u0161kega vdora v telo in odnose?<\/p>\n","protected":false},"excerpt":{"rendered":"<p>Meni se zdi super, da razmi\u0161ljate v to smer &#8211; kaj s publiko. Nerad uporabljam ta izraz, &#8220;publika&#8221;, torej z ljudmi, ki pridejo pogledat, se udele\u017eiti. Stvar je va\u0161e odlo\u010ditve, \u010de ho\u010dete s tem nekaj narediti, nadaljevati, to potem pomeni verjetno ustvarjanje neke skupnosti; najmanj je pomembno, kako velika je ta skupnost; ampak delati nekaj [&hellip;]<\/p>\n","protected":false},"author":1,"featured_media":0,"parent":202,"menu_order":0,"comment_status":"closed","ping_status":"closed","template":"","meta":[],"_links":{"self":[{"href":"https:\/\/obed.works\/index.php?rest_route=\/wp\/v2\/pages\/232"}],"collection":[{"href":"https:\/\/obed.works\/index.php?rest_route=\/wp\/v2\/pages"}],"about":[{"href":"https:\/\/obed.works\/index.php?rest_route=\/wp\/v2\/types\/page"}],"author":[{"embeddable":true,"href":"https:\/\/obed.works\/index.php?rest_route=\/wp\/v2\/users\/1"}],"replies":[{"embeddable":true,"href":"https:\/\/obed.works\/index.php?rest_route=%2Fwp%2Fv2%2Fcomments&post=232"}],"version-history":[{"count":8,"href":"https:\/\/obed.works\/index.php?rest_route=\/wp\/v2\/pages\/232\/revisions"}],"predecessor-version":[{"id":324,"href":"https:\/\/obed.works\/index.php?rest_route=\/wp\/v2\/pages\/232\/revisions\/324"}],"up":[{"embeddable":true,"href":"https:\/\/obed.works\/index.php?rest_route=\/wp\/v2\/pages\/202"}],"wp:attachment":[{"href":"https:\/\/obed.works\/index.php?rest_route=%2Fwp%2Fv2%2Fmedia&parent=232"}],"curies":[{"name":"wp","href":"https:\/\/api.w.org\/{rel}","templated":true}]}}